{"id":87,"date":"2024-07-09T18:36:33","date_gmt":"2024-07-09T21:36:33","guid":{"rendered":"http:\/\/monctonhomeshow.ca\/liste-des-seminaires\/"},"modified":"2025-08-27T09:37:28","modified_gmt":"2025-08-27T12:37:28","slug":"liste-des-seminaires","status":"publish","type":"page","link":"https:\/\/greatermonctonhomeshow.com\/fr\/liste-des-seminaires\/","title":{"rendered":"Ateliers"},"content":{"rendered":"\n\n\n\n\n<h3>Revenez en f\u00e9vrier 2026 pour la programmation compl\u00e8te des s\u00e9minaires<\/h3>\n\n\n\n<h3>Vendredi 13 mars s\u00e9minaires<\/h3>\n\n\n\n\n\n\n\n15 H 30 le vendredi 13 mars<br><p><strong>TBA\u00a0<\/strong><\/p><br><p><strong>TBA<br><br><\/strong><br><\/p>\n\n\n\n\n\n15 H 30 le vendredi 13 mars<br><br><strong>TBA<\/strong><p><strong>TBA<\/strong><br>TBA<\/p><br><br><br>\n\n\n\n\n\n\n\n\n\n<h3>s\u00e9minaires du samedi 14 mars<\/h3>\n\n\n\n\n\n\n\nSamedi 14 mars 13h00<br><strong><br><\/strong><p><strong>TBA<\/strong><br>TBA<\/p><br>TBA\n\n\n\n\n\nSamedi 14 mars 14h00<br><br><span style=\"font-weight: 700; font-family: Poppins; font-size: 16px;\">TBA<\/span><br>TBA<p>TBA<\/p>\n\n\n\n\n\nSamedi 14 mars 15h00<br><br><span style=\"font-weight: 700; font-family: Poppins; font-size: 16px;\">TBA<\/span><br>TBA<br><div>TBA<br><p><span style=\"background-color: rgba(229, 214, 46, 0.12); color: initial;\"><\/span><\/p><\/div>\n\n\n\n\n\n\n\n<h3>Dimanche 15 mars S\u00e9minaires<\/h3>\n\n\n\n\n\n\n\nDimanche 15 mars 13h00<br><p><strong>TBA<\/strong><\/p><br><p>TBA<\/p>\n\n\n\n\n\nDimanche 15 mars 14h00<br><p><strong>TBA<\/strong><\/p><br><p>TBA<\/p>\n\n\n\n\n","protected":false},"excerpt":{"rendered":"","protected":false},"author":1,"featured_media":0,"parent":0,"menu_order":0,"comment_status":"closed","ping_status":"closed","template":"","meta":{"_acf_changed":false,"pagelayer_contact_templates":[],"_pagelayer_content":"","footnotes":""},"class_list":["post-87","page","type-page","status-publish","hentry"],"acf":[],"_links":{"self":[{"href":"https:\/\/greatermonctonhomeshow.com\/fr\/wp-json\/wp\/v2\/pages\/87","targetHints":{"allow":["GET"]}}],"collection":[{"href":"https:\/\/greatermonctonhomeshow.com\/fr\/wp-json\/wp\/v2\/pages"}],"about":[{"href":"https:\/\/greatermonctonhomeshow.com\/fr\/wp-json\/wp\/v2\/types\/page"}],"author":[{"embeddable":true,"href":"https:\/\/greatermonctonhomeshow.com\/fr\/wp-json\/wp\/v2\/users\/1"}],"replies":[{"embeddable":true,"href":"https:\/\/greatermonctonhomeshow.com\/fr\/wp-json\/wp\/v2\/comments?post=87"}],"version-history":[{"count":37,"href":"https:\/\/greatermonctonhomeshow.com\/fr\/wp-json\/wp\/v2\/pages\/87\/revisions"}],"predecessor-version":[{"id":3089,"href":"https:\/\/greatermonctonhomeshow.com\/fr\/wp-json\/wp\/v2\/pages\/87\/revisions\/3089"}],"wp:attachment":[{"href":"https:\/\/greatermonctonhomeshow.com\/fr\/wp-json\/wp\/v2\/media?parent=87"}],"curies":[{"name":"wp","href":"https:\/\/api.w.org\/{rel}","templated":true}]}}